{"id":92,"date":"2018-08-18T11:21:58","date_gmt":"2018-08-18T14:21:58","guid":{"rendered":"https:\/\/ppgp.psicologia.ufrj.br\/?page_id=92"},"modified":"2019-08-18T21:42:08","modified_gmt":"2019-08-19T00:42:08","slug":"documentos","status":"publish","type":"page","link":"https:\/\/ppgp.psicologia.ufrj.br\/index.php\/documentos\/","title":{"rendered":"Documentos"},"content":{"rendered":"<p><a href=\"https:\/\/ppgp.psicologia.ufrj.br\/wp-content\/uploads\/2019\/08\/Formul\u00e1rio-Inscri\u00e7\u00e3o-convertido.pdf\" target=\"_blank\" rel=\"noopener\">Formul\u00e1rio de Inscri\u00e7\u00e3o 2019<\/a><\/p>\n<p><a href=\"https:\/\/ppgp.psicologia.ufrj.br\/wp-content\/uploads\/2019\/08\/Termo-de-ades\u00e3o-candidatos-negros-e-negras-ind\u00edgenas-transexuais-e-travestis-mestrado.pdf\" target=\"_blank\" rel=\"noopener\">Termo de ades\u00e3o candidatos negros e negras, ind\u00edgenas, transexuais e travestis &#8211; Mestrado<\/a><\/p>\n<p><a href=\"https:\/\/ppgp.psicologia.ufrj.br\/wp-content\/uploads\/2019\/08\/Termo-de-ades\u00e3o-candidatos-negrosenegras-transexual-travesti-indigena-doutorado.pdf\" target=\"_blank\" rel=\"noopener\">Termo de ades\u00e3o candidatos negros e negras, ind\u00edgenas, transexuais e travestis &#8211; Doutorado<\/a><\/p>\n<p><a href=\"https:\/\/ppgp.psicologia.ufrj.br\/wp-content\/uploads\/2019\/08\/Declara\u00e7\u00e3o-inscri\u00e7\u00e3o-codicionada.pdf\" target=\"_blank\" rel=\"noopener\">Declara\u00e7\u00e3o de inscri\u00e7\u00e3o condicionada<\/a><\/p>\n<p><a href=\"https:\/\/ppgp.psicologia.ufrj.br\/wp-content\/uploads\/2019\/08\/Declara\u00e7\u00e3o-Ci\u00eancia-dos-crit\u00e9rios-e-normas-do-Edital-mestrado.pdf\" target=\"_blank\" rel=\"noopener\">Declara\u00e7\u00e3o de ci\u00eancia de crit\u00e9rios e normas de sele\u00e7\u00e3o &#8211; Edital mestrado<\/a><\/p>\n<p><a href=\"https:\/\/ppgp.psicologia.ufrj.br\/wp-content\/uploads\/2019\/08\/Declara\u00e7\u00e3o-Ci\u00eancia-dos-crit\u00e9rios-e-normas-do-Edital-doutorado.pdf\" target=\"_blank\" rel=\"noopener\">Declara\u00e7\u00e3o de ci\u00eancia de crit\u00e9rios e normas de sele\u00e7\u00e3o &#8211; Edital doutorado<\/a><\/p>\n<p>&nbsp;<\/p>\n","protected":false},"excerpt":{"rendered":"<p>Formul\u00e1rio de Inscri\u00e7\u00e3o 2019 Termo de ades\u00e3o candidatos negros e negras, ind\u00edgenas, transexuais e travestis &#8211; Mestrado Termo de ades\u00e3o<\/p>\n","protected":false},"author":1,"featured_media":0,"parent":0,"menu_order":0,"comment_status":"closed","ping_status":"closed","template":"","meta":{"colormag_page_container_layout":"default_layout","colormag_page_sidebar_layout":"default_layout","footnotes":""},"class_list":["post-92","page","type-page","status-publish","hentry"],"_links":{"self":[{"href":"https:\/\/ppgp.psicologia.ufrj.br\/index.php\/wp-json\/wp\/v2\/pages\/92","targetHints":{"allow":["GET"]}}],"collection":[{"href":"https:\/\/ppgp.psicologia.ufrj.br\/index.php\/wp-json\/wp\/v2\/pages"}],"about":[{"href":"https:\/\/ppgp.psicologia.ufrj.br\/index.php\/wp-json\/wp\/v2\/types\/page"}],"author":[{"embeddable":true,"href":"https:\/\/ppgp.psicologia.ufrj.br\/index.php\/wp-json\/wp\/v2\/users\/1"}],"replies":[{"embeddable":true,"href":"https:\/\/ppgp.psicologia.ufrj.br\/index.php\/wp-json\/wp\/v2\/comments?post=92"}],"version-history":[{"count":4,"href":"https:\/\/ppgp.psicologia.ufrj.br\/index.php\/wp-json\/wp\/v2\/pages\/92\/revisions"}],"predecessor-version":[{"id":166,"href":"https:\/\/ppgp.psicologia.ufrj.br\/index.php\/wp-json\/wp\/v2\/pages\/92\/revisions\/166"}],"wp:attachment":[{"href":"https:\/\/ppgp.psicologia.ufrj.br\/index.php\/wp-json\/wp\/v2\/media?parent=92"}],"curies":[{"name":"wp","href":"https:\/\/api.w.org\/{rel}","templated":true}]}}