{"id":46,"date":"2018-08-13T10:09:47","date_gmt":"2018-08-13T13:09:47","guid":{"rendered":"https:\/\/ppgp.psicologia.ufrj.br\/?page_id=46"},"modified":"2025-03-05T16:50:56","modified_gmt":"2025-03-05T19:50:56","slug":"o-programa","status":"publish","type":"page","link":"https:\/\/ppgp.psicologia.ufrj.br\/index.php\/o-programa\/","title":{"rendered":"O Programa"},"content":{"rendered":"\n<p>O Programa de P\u00f3s-gradua\u00e7\u00e3o em Psicologia da UFRJ (PPGP-UFRJ) cont\u00e9m tem como \u00e1rea de concentra\u00e7\u00e3o Subjetividade, Cogni\u00e7\u00e3o e Pr\u00e1ticas Cl\u00ednicas, em modalidade acad\u00eamica e presencial. \u00c9 sediado no Instituo de Psicologia da UFRJ no campus hist\u00f3rico do Centro de Filosofia e Ci\u00eancias Humanas, na Praia Vermelha, Rio de Janeiro. O PPGP-UFRJ teve in\u00edcio em 1992 com os cursos de mestrado e doutorado oriundos dos cursos do extinto Instituto de Sele\u00e7\u00e3o e Orienta\u00e7\u00e3o Profissional da Funda\u00e7\u00e3o Get\u00falio Vargas (ISOP\/FGV) que, historicamente, primou por oferecer uma forma\u00e7\u00e3o de professores e de pesquisadores em Psicologia em amplo espectro de \u00e1reas e tend\u00eancias.<br><br>O PPGP-UFRJ conta, atualmente, com uma equipe de 20 professores, dos quais 14 s\u00e3o do quadro permanente e 6 colaboradores, distribu\u00eddos em tr\u00eas linhas de pesquisa:<\/p>\n\n\n\n<ol class=\"wp-block-list\">\n<li>Cogni\u00e7\u00e3o, Desenvolvimento e Subjetividade<\/li>\n\n\n\n<li>Processos Psicossociais, Hist\u00f3ricos e Coletivos<\/li>\n\n\n\n<li>Subjetividade, Cultura e Pr\u00e1ticas Cl\u00ednicas<\/li>\n<\/ol>\n\n\n\n<p>O programa cont\u00e9m um perfil amplo e forma\u00e7\u00e3o acad\u00eamica diversa, com titula\u00e7\u00e3o obtida em diferentes institui\u00e7\u00f5es nacionais e internacionais, todos com dedica\u00e7\u00e3o exclusiva (DE) \u2013 exceto pelos aposentados. O quadro de docentes permanentes \u00e9 atualmente composto de professores pesquisadores, todos com vasta experi\u00eancia em orienta\u00e7\u00e3o de trabalhos de p\u00f3s-gradua\u00e7\u00e3o. Todos os professores orientam trabalhos de conclus\u00e3o na P\u00f3s-Gradua\u00e7\u00e3o e na Gradua\u00e7\u00e3o, al\u00e9m do engajamento em atividades de inicia\u00e7\u00e3o cient\u00edfica, extens\u00e3o universit\u00e1ria e est\u00e1gio supervisionado pela Divis\u00e3o de Psicologia Aplicada (DPA-UFRJ). Por esse motivo, uma das principais caracter\u00edsticas do programa consiste na integra\u00e7\u00e3o entre gradua\u00e7\u00e3o e p\u00f3s-gradua\u00e7\u00e3o, compatibilizando ambas as investiga\u00e7\u00f5es te\u00f3ricas e interven\u00e7\u00e3o social.<\/p>\n\n\n\n<h2 class=\"wp-block-heading\"><strong>Impacto Social e Aplica\u00e7\u00e3o da Pesquisa<\/strong><\/h2>\n\n\n\n<p>Al\u00e9m da pesquisa acad\u00eamica, os docentes do <strong>PPGP-UFRJ<\/strong> se envolvem ativamente em projetos de <strong>pol\u00edticas p\u00fablicas e direitos humanos<\/strong>, contribuindo para <strong>\u00f3rg\u00e3os governamentais nacionais e internacionais<\/strong>. Algumas atua\u00e7\u00f5es de destaque incluem:<\/p>\n\n\n\n<ul class=\"wp-block-list\">\n<li><strong>Conselho Federal de Psicologia<\/strong><\/li>\n\n\n\n<li><strong>Assessoria ao Departamento Penitenci\u00e1rio Nacional (Minist\u00e9rio da Justi\u00e7a e Seguran\u00e7a P\u00fablica)<\/strong><\/li>\n\n\n\n<li><strong>American Psychological Association (APA)<\/strong><\/li>\n\n\n\n<li><strong>Representa\u00e7\u00e3o do Brasil na C\u00fapula Global de Lideran\u00e7as da Ci\u00eancia Psicol\u00f3gica<\/strong><\/li>\n\n\n\n<li><strong>Contribui\u00e7\u00f5es para pol\u00edticas de seguran\u00e7a p\u00fablica, direitos humanos e sa\u00fade mental<\/strong><\/li>\n<\/ul>\n\n\n\n<p>O programa tamb\u00e9m desenvolve <strong>projetos de extens\u00e3o e pesquisa aplicada<\/strong> em \u00e1reas como <strong>avalia\u00e7\u00e3o psicol\u00f3gica, sa\u00fade mental, pol\u00edticas educacionais e interven\u00e7\u00e3o cl\u00ednica<\/strong>, promovendo impacto direto na sociedade.<\/p>\n\n\n\n<h2 class=\"wp-block-heading\"><strong>Excel\u00eancia Acad\u00eamica e Internacionaliza\u00e7\u00e3o<\/strong><\/h2>\n\n\n\n<p>A forma\u00e7\u00e3o e realiza\u00e7\u00e3o de <strong>est\u00e1gios p\u00f3s-doutorais<\/strong> pelos docentes em diversas <strong>institui\u00e7\u00f5es internacionais<\/strong> refor\u00e7a a inser\u00e7\u00e3o global do programa. Entre os pa\u00edses com coopera\u00e7\u00e3o ativa est\u00e3o <strong>Fran\u00e7a, Reino Unido, Brasil, Portugal, Col\u00f4mbia, Espanha, Estados Unidos e \u00cdndia<\/strong>, em institui\u00e7\u00f5es de prest\u00edgio como:<\/p>\n\n\n\n<ul class=\"wp-block-list\">\n<li><strong>Fran\u00e7a<\/strong> \u2013 Conservatoire National des Arts et M\u00e9tiers, CNRS, Universit\u00e9 de Rennes II, EHESS<\/li>\n\n\n\n<li><strong>Reino Unido<\/strong> \u2013 University of London, University of Loughborough<\/li>\n\n\n\n<li><strong>Brasil<\/strong> \u2013 PUC-Campinas<\/li>\n\n\n\n<li><strong>Portugal<\/strong> \u2013 ISCTE<\/li>\n\n\n\n<li><strong>Col\u00f4mbia<\/strong> \u2013 Pontificia Universidad Javeriana<\/li>\n\n\n\n<li><strong>Espanha<\/strong> \u2013 UNED-Madrid, Universitat Aut\u00f3noma de Barcelona<\/li>\n\n\n\n<li><strong>Estados Unidos<\/strong> \u2013 Northwestern University, University of Maryland<\/li>\n\n\n\n<li><strong>\u00cdndia<\/strong> \u2013 Centre for the Study of Developing Societies<\/li>\n<\/ul>\n\n\n\n<p>O <strong>PPGP-UFRJ<\/strong> tamb\u00e9m mant\u00e9m <strong>parcerias institucionais<\/strong> para interc\u00e2mbio de estudantes e professores, al\u00e9m da <strong>supervis\u00e3o de p\u00f3s-graduandos estrangeiros<\/strong>, fortalecendo sua <strong>rede de colabora\u00e7\u00e3o internacional<\/strong>.<\/p>\n\n\n\n<h2 class=\"wp-block-heading\"><strong>Produ\u00e7\u00e3o Cient\u00edfica e Impacto Acad\u00eamico<\/strong><\/h2>\n\n\n\n<p>O programa \u00e9 vinculado \u00e0 <strong>Associa\u00e7\u00e3o Nacional de Pesquisa e P\u00f3s-gradua\u00e7\u00e3o em Psicologia (ANPEPP)<\/strong>, com <strong>todos os docentes permanentes participando como membros ou coordenadores de Grupos de Trabalho (GTs)<\/strong>. A atua\u00e7\u00e3o na ANPEPP reflete <strong>o compromisso do programa com a formula\u00e7\u00e3o de pol\u00edticas cient\u00edficas e acad\u00eamicas no Brasil<\/strong>, contribuindo para o <strong>desenvolvimento do campo da Psicologia<\/strong>. Al\u00e9m disso, os docentes possuem uma <strong>produ\u00e7\u00e3o cient\u00edfica de impacto<\/strong>, com mediana do \u00edndice h do programa sendo 14, refletindo o n\u00famero de cita\u00e7\u00f5es dos professores, al\u00e9m de participa\u00e7\u00e3o como <strong>editores e pareceristas<\/strong> em diversas revistas acad\u00eamicas.<\/p>\n\n\n\n<h2 class=\"wp-block-heading\"><strong>Apoio \u00e0 Pesquisa e Financiamento<\/strong><\/h2>\n\n\n\n<p>O PPGP-UFRJ conta com <strong>docentes contemplados por diferentes bolsas de produtividade<\/strong>, refor\u00e7ando sua excel\u00eancia acad\u00eamica:<\/p>\n\n\n\n<ul class=\"wp-block-list\">\n<li><strong>Bolsa de Produtividade CNPq:<\/strong> 5 professores<\/li>\n\n\n\n<li><strong>Cientista do Nosso Estado (FAPERJ):<\/strong> 5 professores<\/li>\n\n\n\n<li><strong>Jovem Cientista do Nosso Estado (FAPERJ):<\/strong> 2 professores<\/li>\n\n\n\n<li><strong>Jovem Cientista Mulher com v\u00ednculo em ICTD (FAPERJ):<\/strong> 1 professora<\/li>\n\n\n\n<li><strong>APQ1 (FAPERJ):<\/strong> 1 professora<\/li>\n<\/ul>\n\n\n\n<h2 class=\"wp-block-heading\"><strong>Apoio \u00e0 Pesquisa e Financiamento<\/strong><\/h2>\n\n\n\n<p>O PPGP-UFRJ conta com <strong>docentes contemplados por diferentes bolsas de produtividade<\/strong>, refor\u00e7ando sua excel\u00eancia acad\u00eamica:<\/p>\n\n\n\n<ul class=\"wp-block-list\">\n<li><strong>Bolsa de Produtividade CNPq:<\/strong> 5 professores<\/li>\n\n\n\n<li><strong>Cientista do Nosso Estado (FAPERJ):<\/strong> 5 professores<\/li>\n\n\n\n<li><strong>Jovem Cientista do Nosso Estado (FAPERJ):<\/strong> 2 professores<\/li>\n\n\n\n<li><strong>Jovem Cientista Mulher com v\u00ednculo em ICTD (FAPERJ):<\/strong> 1 professora<\/li>\n\n\n\n<li><strong>APQ1 (FAPERJ):<\/strong> 1 professora<\/li>\n<\/ul>\n\n\n\n<p>O <strong>PPGP-UFRJ<\/strong> se consolida como um dos <strong>programas de refer\u00eancia em Psicologia no Brasil<\/strong>, reunindo um <strong>corpo docente altamente qualificado, pesquisa de excel\u00eancia e forte inser\u00e7\u00e3o acad\u00eamica nacional e internacional<\/strong>. A <strong>produ\u00e7\u00e3o cient\u00edfica de impacto, participa\u00e7\u00e3o ativa na ANPEPP, colabora\u00e7\u00f5es internacionais e atua\u00e7\u00e3o em pol\u00edticas p\u00fablicas<\/strong> refor\u00e7am seu compromisso com <strong>a inova\u00e7\u00e3o e o desenvolvimento do conhecimento psicol\u00f3gico<\/strong>.<\/p>\n\n\n<p align=\"justify\"><a href=\"https:\/\/ppgp.psicologia.ufrj.br\/index.php\/criterios-para-ingresso-de-novos-professores-no-programa-de-pos-graduacao-em-psicolgia\/\" target=\"_blank\" rel=\"noopener\">Crit\u00e9rios para ingresso de novos professores no programa de p\u00f3s-gradua\u00e7\u00e3o em Psicologia<\/a><\/p>\n<p align=\"justify\"><a href=\"https:\/\/ppgp.psicologia.ufrj.br\/index.php\/criterios-para-passagem-de-professores-colaboradores-para-permanentes-no-programa-de-pos-graduacao-em-psicologia\/\" target=\"_blank\" rel=\"noopener\">Crit\u00e9rios para passagem de professores colaboradores para permanentes no programa de p\u00f3s-gradua\u00e7\u00e3o em Psicologia<\/a><\/p>\n<p align=\"justify\"><a href=\"https:\/\/ppgp.psicologia.ufrj.br\/index.php\/criterios-para-acompanhamento-e-permanencia-de-professores-no-programa-de-pos-graduacao-em-psicologia\/\" target=\"_blank\" rel=\"noopener\">Crit\u00e9rios para acompanhamento e perman\u00eancia de professores no programa de p\u00f3s-gradua\u00e7\u00e3o em Psicologia<\/a><\/p>\n<p align=\"justify\"><a href=\"https:\/\/ppgp.psicologia.ufrj.br\/index.php\/organizacao-e-funcionamento-das-atividades-de-formacao-ensino-pesquisa-e-extensao\/\" target=\"_blank\" rel=\"noopener\">Organiza\u00e7\u00e3o e funcionamento das atividades de forma\u00e7\u00e3o: ensino, pesquisa e extens\u00e3o<\/a><\/p>\n\n\n<p><\/p>\n","protected":false},"excerpt":{"rendered":"<p>O Programa de P\u00f3s-gradua\u00e7\u00e3o em Psicologia da UFRJ (PPGP-UFRJ) cont\u00e9m tem como \u00e1rea de concentra\u00e7\u00e3o Subjetividade, Cogni\u00e7\u00e3o e Pr\u00e1ticas Cl\u00ednicas,<\/p>\n","protected":false},"author":1,"featured_media":0,"parent":0,"menu_order":0,"comment_status":"closed","ping_status":"closed","template":"","meta":{"colormag_page_container_layout":"default_layout","colormag_page_sidebar_layout":"default_layout","footnotes":""},"class_list":["post-46","page","type-page","status-publish","hentry"],"_links":{"self":[{"href":"https:\/\/ppgp.psicologia.ufrj.br\/index.php\/wp-json\/wp\/v2\/pages\/46","targetHints":{"allow":["GET"]}}],"collection":[{"href":"https:\/\/ppgp.psicologia.ufrj.br\/index.php\/wp-json\/wp\/v2\/pages"}],"about":[{"href":"https:\/\/ppgp.psicologia.ufrj.br\/index.php\/wp-json\/wp\/v2\/types\/page"}],"author":[{"embeddable":true,"href":"https:\/\/ppgp.psicologia.ufrj.br\/index.php\/wp-json\/wp\/v2\/users\/1"}],"replies":[{"embeddable":true,"href":"https:\/\/ppgp.psicologia.ufrj.br\/index.php\/wp-json\/wp\/v2\/comments?post=46"}],"version-history":[{"count":4,"href":"https:\/\/ppgp.psicologia.ufrj.br\/index.php\/wp-json\/wp\/v2\/pages\/46\/revisions"}],"predecessor-version":[{"id":1041,"href":"https:\/\/ppgp.psicologia.ufrj.br\/index.php\/wp-json\/wp\/v2\/pages\/46\/revisions\/1041"}],"wp:attachment":[{"href":"https:\/\/ppgp.psicologia.ufrj.br\/index.php\/wp-json\/wp\/v2\/media?parent=46"}],"curies":[{"name":"wp","href":"https:\/\/api.w.org\/{rel}","templated":true}]}}